{"id":12,"date":"2025-01-02T04:51:41","date_gmt":"2025-01-02T04:51:41","guid":{"rendered":"https:\/\/elena.bikevaldifassa.com\/?page_id=12"},"modified":"2025-01-04T04:17:43","modified_gmt":"2025-01-04T04:17:43","slug":"chi-sono","status":"publish","type":"page","link":"https:\/\/elenapirrone.it\/en\/chi-sono\/","title":{"rendered":"Chi Sono"},"content":{"rendered":"<h1><em>Da una piccola passione ad una sfida senza tempo<\/em><\/h1>\n<h1>Ciao a tutti, mi chiamo Elena Pirrone e ho 25 anni&#8230;<\/h1>\n<h1>I primi passi<\/h1>\n<div>\n<p>Dal 2018 sono una ciclista professionista.<\/p>\n<p>Il primo team per cui ho corso \u00e8 stato l\u2019Astana Women\u2019s team, mentre in luglio 2019 sono passata alla formazione della Valcar Travel&amp;Service, team di Bergamo.<\/p>\n<p>Con loro ho passato tre bellissimi anni, conquistando medaglie a livello europeo, partecipando ad edizioni dei mondiali, e tanto altro\u2026<\/p>\n<p>Con loro ho maturato molta esperienza sul campo di gara, ma anche a livello personale. Attualmente corro nell\u2019Israel Premier Tech Roland, squadra worldtour.<\/p>\n<p>Il ciclismo \u00e8 lo sport che pi\u00f9 amo e posso dire che con esso ci sono cresciuta. Fin da piccolissima seguivo mio pap\u00e0 (anche lui ciclista) alle sue corse, incoraggiandolo e tifandolo. \u00c8 stato proprio lui a trasmettermi questa passione.<\/p>\n<\/div>\n<h1>L\u2019agonismo<\/h1>\n<div>\n<p>Ho iniziato a correre all\u2019et\u00e0 di sei anni (il minimo richiesto) dove, oltre che a divertirmi un sacco, ottenevo gi\u00e0 i primi risultati.<\/p>\n<p>Con il passare del tempo quest\u2019ultimi sono diventati sempre pi\u00f9 prestigiosi.<\/p>\n<p>Ricordo piacevolmente, oltre agli svariati primi posti in corse diverse, soprattutto i cinque titoli italiani (divisi tra strada, cronometro e pista) conquistati nella categoria allieva, cos\u00ec come la vittoria a cronometro agli EYOF (giochi olimpici giovanili europei) a Tbilisi (Giorgia) per la mia prima volta in maglia azzurra.<\/p>\n<\/div>\n<h1>Oggi<\/h1>\n<div>\n<p>Nella categoria internazionale (junior) sono riuscita a distinguermi anche in ambito europeo e mondiale sia su strada che su pista, grazie alle convocazioni in nazionale, ottenendo al primo anno di categoria un decimo posto a cronometro a Doha (Qatar) in occasione dei campionati del mondo.<\/p>\n<p>L\u2019anno successivo ho affrontato la categoria con un\u2019altra mentalit\u00e0, pi\u00f9 consapevole delle mie potenzialit\u00e0, pi\u00f9 decisa e determinata.<\/p>\n<p>Ho partecipato al campionato europeo su pista con l\u2019inseguimento individuale (sesto posto) e come riserva del quartetto.<\/p>\n<p>Ai mondiali (sempre su pista) ho conquistato un bronzo nell\u2019inseguimento individuale. Su strada, invece, ho vinto la medaglia d\u2019oro nella cronometro agli Europei a Herning (Danimarca) e due medaglie d\u2019oro mondiali a Bergen ( Norvegia) sia nella cronometro che nella prova in linea.<\/p>\n<p>Ho concluso cos\u00ec una stagione fantastica, quella del 2017, muovendo i primi passi in quello che \u00e8 il mio (attuale) futuro. ?<\/p>\n<\/div>\n<ul>\n<li>\n<p>        <img decoding=\"async\" src=\"\/wp-content\/uploads\/2025\/01\/20837764_796202873890238_212828514418688000_n.jpg\" alt=\"\"><\/p>\n<h3>20837764_796202873890238_212828514418688000_n<\/h3>\n<\/li>\n<li>\n<p>        <img decoding=\"async\" src=\"\/wp-content\/uploads\/2025\/01\/23843202_1377856022339804_7474003752033391813_n.jpg\" alt=\"\"><\/p>\n<h3>23843202_1377856022339804_7474003752033391813_n<\/h3>\n<\/li>\n<li>\n<p>        <img decoding=\"async\" src=\"\/wp-content\/uploads\/2025\/01\/Immagine-WhatsApp-2023-01-11-ore-08.34.14.jpg\" alt=\"\"><\/p>\n<h3>Immagine-WhatsApp-2023-01-11-ore-08.34.14<\/h3>\n<\/li>\n<li>\n<p>        <img decoding=\"async\" src=\"\/wp-content\/uploads\/2025\/01\/21433460_266540830505478_4034546777255313408_n.jpg\" alt=\"\"><\/p>\n<h3>21433460_266540830505478_4034546777255313408_n<\/h3>\n<\/li>\n<li>\n<p>        <img decoding=\"async\" src=\"\/wp-content\/uploads\/2025\/01\/26069181_2031325727104804_8949418591556468736_n.jpg\" alt=\"\"><\/p>\n<h3>26069181_2031325727104804_8949418591556468736_n-100&#215;100<\/h3>\n<\/li>\n<li>\n<p>        <img decoding=\"async\" src=\"\/wp-content\/uploads\/2025\/01\/11951536_741240266001386_3537621703260585369_o.jpg\" alt=\"\"><\/p>\n<h3>11951536_741240266001386_3537621703260585369_o<\/h3>\n<\/li>\n<li>\n<p>        <img decoding=\"async\" src=\"\/wp-content\/uploads\/2025\/01\/20482642_270049996733103_1636927944788017152_n.jpg\" alt=\"\"><\/p>\n<h3>20482642_270049996733103_1636927944788017152_n<\/h3>\n<\/li>\n<li>\n<p>        <img decoding=\"async\" src=\"\/wp-content\/uploads\/2025\/01\/134748724-c9780a98-04fe-4f08-be85-f8671d031d62.jpg\" alt=\"\"><\/p>\n<h3>134748724-c9780a98-04fe-4f08-be85-f8671d031d62<\/h3>\n<\/li>\n<li>\n<p>        <img decoding=\"async\" src=\"\/wp-content\/uploads\/2025\/01\/CD478A07-9439-44AF-A293-4ED4D94256F5.jpeg\" alt=\"\"><\/p>\n<h3>CD478A07-9439-44AF-A293-4ED4D94256F5<\/h3>\n<\/li>\n<\/ul>\n<p><!--more--><br \/>\n<!-- {\"type\":\"layout\",\"children\":[{\"type\":\"section\",\"props\":{\"image\":\"wp-content\\\/uploads\\\/2025\\\/01\\\/DSC7413-scaled-1.jpg\",\"image_position\":\"center-center\",\"image_size\":\"cover\",\"style\":\"default\",\"title_breakpoint\":\"xl\",\"title_position\":\"top-left\",\"title_rotation\":\"left\",\"vertical_align\":\"middle\",\"width\":\"default\"},\"children\":[{\"type\":\"row\",\"children\":[{\"type\":\"column\",\"props\":{\"image_position\":\"center-center\",\"position_sticky_breakpoint\":\"m\"},\"children\":[{\"type\":\"headline\",\"props\":{\"block_align\":\"right\",\"content\":\"<em>Da una piccola passione ad una sfida senza tempo<\\\/em>\",\"maxwidth\":\"large\",\"text_align\":\"right\",\"title_element\":\"h1\",\"title_style\":\"heading-medium\"}},{\"type\":\"headline\",\"props\":{\"block_align\":\"right\",\"content\":\"Ciao a tutti, mi chiamo Elena Pirrone e ho 25 anni...\",\"maxwidth\":\"large\",\"text_align\":\"right\",\"title_element\":\"h1\",\"title_style\":\"h4\"}}]}]}]},{\"type\":\"section\",\"props\":{\"image_position\":\"center-center\",\"style\":\"secondary\",\"title_breakpoint\":\"xl\",\"title_position\":\"top-left\",\"title_rotation\":\"left\",\"vertical_align\":\"middle\",\"width\":\"default\"},\"children\":[{\"type\":\"row\",\"props\":{\"layout\":\"1-2,1-2\"},\"children\":[{\"type\":\"column\",\"props\":{\"image_position\":\"center-center\",\"position_sticky_breakpoint\":\"m\",\"width_medium\":\"1-2\"},\"children\":[{\"type\":\"headline\",\"props\":{\"content\":\"I primi passi\",\"title_element\":\"h1\"}},{\"type\":\"text\",\"props\":{\"column_breakpoint\":\"m\",\"content\":\"\n\n<p>Dal 2018 sono una ciclista professionista.<\\\/p>\\n\n\n<p>Il primo team per cui ho corso \\u00e8 stato l\\u2019Astana Women\\u2019s team, mentre in luglio 2019 sono passata alla formazione della Valcar Travel&amp;Service, team di Bergamo.<\\\/p>\\n\n\n<p>Con loro ho passato tre bellissimi anni, conquistando medaglie a livello europeo, partecipando ad edizioni dei mondiali, e tanto altro\\u2026<\\\/p>\\n\n\n<p>Con loro ho maturato molta esperienza sul campo di gara, ma anche a livello personale. Attualmente corro nell\\u2019Israel Premier Tech Roland, squadra worldtour.<\\\/p>\\n\n\n<p>Il ciclismo \\u00e8 lo sport che pi\\u00f9 amo e posso dire che con esso ci sono cresciuta. Fin da piccolissima seguivo mio pap\\u00e0 (anche lui ciclista) alle sue corse, incoraggiandolo e tifandolo. \\u00c8 stato proprio lui a trasmettermi questa passione.<\\\/p>\",\"margin\":\"default\"}},{\"type\":\"headline\",\"props\":{\"content\":\"L\\u2019agonismo\",\"title_element\":\"h1\"}},{\"type\":\"text\",\"props\":{\"column_breakpoint\":\"m\",\"content\":\"\n\n<p>Ho iniziato a correre all\\u2019et\\u00e0 di sei anni (il minimo richiesto) dove, oltre che a divertirmi un sacco, ottenevo gi\\u00e0 i primi risultati.<\\\/p>\\n\n\n<p>Con il passare del tempo quest\\u2019ultimi sono diventati sempre pi\\u00f9 prestigiosi.<\\\/p>\\n\n\n<p>Ricordo piacevolmente, oltre agli svariati primi posti in corse diverse, soprattutto i cinque titoli italiani (divisi tra strada, cronometro e pista) conquistati nella categoria allieva, cos\\u00ec come la vittoria a cronometro agli EYOF (giochi olimpici giovanili europei) a Tbilisi (Giorgia) per la mia prima volta in maglia azzurra.<\\\/p>\",\"margin\":\"default\"}},{\"type\":\"headline\",\"props\":{\"content\":\"Oggi\",\"title_element\":\"h1\"}},{\"type\":\"text\",\"props\":{\"column_breakpoint\":\"m\",\"content\":\"\n\n<p>Nella categoria internazionale (junior) sono riuscita a distinguermi anche in ambito europeo e mondiale sia su strada che su pista, grazie alle convocazioni in nazionale, ottenendo al primo anno di categoria un decimo posto a cronometro a Doha (Qatar) in occasione dei campionati del mondo.<\\\/p>\\n\n\n<p>L\\u2019anno successivo ho affrontato la categoria con un\\u2019altra mentalit\\u00e0, pi\\u00f9 consapevole delle mie potenzialit\\u00e0, pi\\u00f9 decisa e determinata.<\\\/p>\\n\n\n<p>Ho partecipato al campionato europeo su pista con l\\u2019inseguimento individuale (sesto posto) e come riserva del quartetto.<\\\/p>\\n\n\n<p>Ai mondiali (sempre su pista) ho conquistato un bronzo nell\\u2019inseguimento individuale. Su strada, invece, ho vinto la medaglia d\\u2019oro nella cronometro agli Europei a Herning (Danimarca) e due medaglie d\\u2019oro mondiali a Bergen ( Norvegia) sia nella cronometro che nella prova in linea.<\\\/p>\\n\n\n<p>Ho concluso cos\\u00ec una stagione fantastica, quella del 2017, muovendo i primi passi in quello che \\u00e8 il mio (attuale) futuro. ?<\\\/p>\",\"margin\":\"default\"}}]},{\"type\":\"column\",\"props\":{\"image_position\":\"center-center\",\"position_sticky_breakpoint\":\"m\",\"width_medium\":\"1-2\"},\"children\":[{\"type\":\"gallery\",\"props\":{\"filter_align\":\"left\",\"filter_all\":true,\"filter_grid_breakpoint\":\"m\",\"filter_grid_width\":\"auto\",\"filter_position\":\"top\",\"filter_style\":\"tab\",\"grid_column_align\":true,\"grid_column_gap\":\"small\",\"grid_default\":\"2\",\"grid_divider\":true,\"grid_masonry\":\"next\",\"grid_medium\":\"\",\"grid_parallax\":\"330\",\"grid_row_align\":true,\"image_width\":\"250\",\"item_animation\":true,\"lightbox\":false,\"link_style\":\"default\",\"link_text\":\"Read more\",\"margin\":\"default\",\"meta_align\":\"below-title\",\"meta_element\":\"div\",\"meta_style\":\"text-meta\",\"overlay_hover\":false,\"overlay_mode\":\"cover\",\"overlay_position\":\"center\",\"overlay_style\":\"\",\"overlay_transition\":\"fade\",\"show_content\":true,\"show_hover_image\":false,\"show_hover_video\":false,\"show_link\":false,\"show_meta\":false,\"show_title\":false,\"text_align\":\"center\",\"text_color\":\"light\",\"title_display\":\"lightbox\",\"title_element\":\"h3\",\"title_hover_style\":\"reset\"},\"children\":[{\"type\":\"gallery_item\",\"props\":{\"image\":\"wp-content\\\/uploads\\\/2025\\\/01\\\/20837764_796202873890238_212828514418688000_n.jpg\",\"title\":\"20837764_796202873890238_212828514418688000_n\"}},{\"type\":\"gallery_item\",\"props\":{\"image\":\"wp-content\\\/uploads\\\/2025\\\/01\\\/23843202_1377856022339804_7474003752033391813_n.jpg\",\"title\":\"23843202_1377856022339804_7474003752033391813_n\"}},{\"type\":\"gallery_item\",\"props\":{\"image\":\"wp-content\\\/uploads\\\/2025\\\/01\\\/Immagine-WhatsApp-2023-01-11-ore-08.34.14.jpg\",\"title\":\"Immagine-WhatsApp-2023-01-11-ore-08.34.14\"}},{\"type\":\"gallery_item\",\"props\":{\"image\":\"wp-content\\\/uploads\\\/2025\\\/01\\\/21433460_266540830505478_4034546777255313408_n.jpg\",\"title\":\"21433460_266540830505478_4034546777255313408_n\"}},{\"type\":\"gallery_item\",\"props\":{\"image\":\"wp-content\\\/uploads\\\/2025\\\/01\\\/26069181_2031325727104804_8949418591556468736_n.jpg\",\"title\":\"26069181_2031325727104804_8949418591556468736_n-100x100\"}},{\"type\":\"gallery_item\",\"props\":{\"image\":\"wp-content\\\/uploads\\\/2025\\\/01\\\/11951536_741240266001386_3537621703260585369_o.jpg\",\"title\":\"11951536_741240266001386_3537621703260585369_o\"}},{\"type\":\"gallery_item\",\"props\":{\"image\":\"wp-content\\\/uploads\\\/2025\\\/01\\\/20482642_270049996733103_1636927944788017152_n.jpg\",\"title\":\"20482642_270049996733103_1636927944788017152_n\"}},{\"type\":\"gallery_item\",\"props\":{\"image\":\"wp-content\\\/uploads\\\/2025\\\/01\\\/134748724-c9780a98-04fe-4f08-be85-f8671d031d62.jpg\",\"title\":\"134748724-c9780a98-04fe-4f08-be85-f8671d031d62\"}},{\"type\":\"gallery_item\",\"props\":{\"image\":\"wp-content\\\/uploads\\\/2025\\\/01\\\/CD478A07-9439-44AF-A293-4ED4D94256F5.jpeg\",\"title\":\"CD478A07-9439-44AF-A293-4ED4D94256F5\"}}]}]}]}]}],\"version\":\"4.4.18\"} --><\/p>","protected":false},"excerpt":{"rendered":"<p>Da una piccola passione ad una sfida senza tempo Ciao a tutti, mi chiamo Elena Pirrone e ho 25 anni&#8230; I primi passi Dal 2018 sono una ciclista professionista. Il primo team per cui ho corso \u00e8 stato l\u2019Astana Women\u2019s team, mentre in luglio 2019 sono passata alla formazione della Valcar Travel&amp;Service, team di Bergamo. [&hellip;]<\/p>","protected":false},"author":1,"featured_media":0,"parent":0,"menu_order":0,"comment_status":"closed","ping_status":"closed","template":"","meta":{"footnotes":""},"class_list":["post-12","page","type-page","status-publish","hentry"],"yoast_head":"<!-- This site is optimized with the Yoast SEO plugin v26.7 - https:\/\/yoast.com\/wordpress\/plugins\/seo\/ -->\n<title>Chi Sono - Elena Pirrone<\/title>\n<meta name=\"robots\" content=\"index, follow, max-snippet:-1, max-image-preview:large, max-video-preview:-1\" \/>\n<link rel=\"canonical\" href=\"https:\/\/elenapirrone.it\/en\/chi-sono\/\" \/>\n<meta property=\"og:locale\" content=\"en_US\" \/>\n<meta property=\"og:type\" content=\"article\" \/>\n<meta property=\"og:title\" content=\"Chi Sono - Elena Pirrone\" \/>\n<meta property=\"og:description\" content=\"Da una piccola passione ad una sfida senza tempo Ciao a tutti, mi chiamo Elena Pirrone e ho 25 anni&#8230; I primi passi Dal 2018 sono una ciclista professionista. Il primo team per cui ho corso \u00e8 stato l\u2019Astana Women\u2019s team, mentre in luglio 2019 sono passata alla formazione della Valcar Travel&amp;Service, team di Bergamo. [&hellip;]\" \/>\n<meta property=\"og:url\" content=\"https:\/\/elenapirrone.it\/en\/chi-sono\/\" \/>\n<meta property=\"og:site_name\" content=\"Elena Pirrone\" \/>\n<meta property=\"article:publisher\" content=\"https:\/\/www.facebook.com\/elenapirroneofficial\/\" \/>\n<meta property=\"article:modified_time\" content=\"2025-01-04T04:17:43+00:00\" \/>\n<meta name=\"twitter:card\" content=\"summary_large_image\" \/>\n<meta name=\"twitter:site\" content=\"@elena_pirrone\" \/>\n<meta name=\"twitter:label1\" content=\"Est. reading time\" \/>\n\t<meta name=\"twitter:data1\" content=\"2 minutes\" \/>\n<script type=\"application\/ld+json\" class=\"yoast-schema-graph\">{\"@context\":\"https:\/\/schema.org\",\"@graph\":[{\"@type\":\"WebPage\",\"@id\":\"https:\/\/elenapirrone.it\/chi-sono\/\",\"url\":\"https:\/\/elenapirrone.it\/chi-sono\/\",\"name\":\"Chi Sono - Elena Pirrone\",\"isPartOf\":{\"@id\":\"https:\/\/elenapirrone.it\/#website\"},\"datePublished\":\"2025-01-02T04:51:41+00:00\",\"dateModified\":\"2025-01-04T04:17:43+00:00\",\"breadcrumb\":{\"@id\":\"https:\/\/elenapirrone.it\/chi-sono\/#breadcrumb\"},\"inLanguage\":\"en-US\",\"potentialAction\":[{\"@type\":\"ReadAction\",\"target\":[\"https:\/\/elenapirrone.it\/chi-sono\/\"]}]},{\"@type\":\"BreadcrumbList\",\"@id\":\"https:\/\/elenapirrone.it\/chi-sono\/#breadcrumb\",\"itemListElement\":[{\"@type\":\"ListItem\",\"position\":1,\"name\":\"Home\",\"item\":\"https:\/\/elenapirrone.it\/\"},{\"@type\":\"ListItem\",\"position\":2,\"name\":\"Chi Sono\"}]},{\"@type\":\"WebSite\",\"@id\":\"https:\/\/elenapirrone.it\/#website\",\"url\":\"https:\/\/elenapirrone.it\/\",\"name\":\"Elena Pirrone - Professional Cyclist\",\"description\":\"\",\"publisher\":{\"@id\":\"https:\/\/elenapirrone.it\/#organization\"},\"potentialAction\":[{\"@type\":\"SearchAction\",\"target\":{\"@type\":\"EntryPoint\",\"urlTemplate\":\"https:\/\/elenapirrone.it\/?s={search_term_string}\"},\"query-input\":{\"@type\":\"PropertyValueSpecification\",\"valueRequired\":true,\"valueName\":\"search_term_string\"}}],\"inLanguage\":\"en-US\"},{\"@type\":\"Organization\",\"@id\":\"https:\/\/elenapirrone.it\/#organization\",\"name\":\"Elena Pirrone\",\"url\":\"https:\/\/elenapirrone.it\/\",\"logo\":{\"@type\":\"ImageObject\",\"inLanguage\":\"en-US\",\"@id\":\"https:\/\/elenapirrone.it\/#\/schema\/logo\/image\/\",\"url\":\"https:\/\/elenapirrone.it\/wp-content\/uploads\/2025\/01\/logo-elena-pirrone-color.png\",\"contentUrl\":\"https:\/\/elenapirrone.it\/wp-content\/uploads\/2025\/01\/logo-elena-pirrone-color.png\",\"width\":237,\"height\":60,\"caption\":\"Elena Pirrone\"},\"image\":{\"@id\":\"https:\/\/elenapirrone.it\/#\/schema\/logo\/image\/\"},\"sameAs\":[\"https:\/\/www.facebook.com\/elenapirroneofficial\/\",\"https:\/\/x.com\/elena_pirrone\",\"https:\/\/www.instagram.com\/pirrone_elena\"]}]}<\/script>\n<!-- \/ Yoast SEO plugin. -->","yoast_head_json":{"title":"Chi Sono - Elena Pirrone","robots":{"index":"index","follow":"follow","max-snippet":"max-snippet:-1","max-image-preview":"max-image-preview:large","max-video-preview":"max-video-preview:-1"},"canonical":"https:\/\/elenapirrone.it\/en\/chi-sono\/","og_locale":"en_US","og_type":"article","og_title":"Chi Sono - Elena Pirrone","og_description":"Da una piccola passione ad una sfida senza tempo Ciao a tutti, mi chiamo Elena Pirrone e ho 25 anni&#8230; I primi passi Dal 2018 sono una ciclista professionista. Il primo team per cui ho corso \u00e8 stato l\u2019Astana Women\u2019s team, mentre in luglio 2019 sono passata alla formazione della Valcar Travel&amp;Service, team di Bergamo. [&hellip;]","og_url":"https:\/\/elenapirrone.it\/en\/chi-sono\/","og_site_name":"Elena Pirrone","article_publisher":"https:\/\/www.facebook.com\/elenapirroneofficial\/","article_modified_time":"2025-01-04T04:17:43+00:00","twitter_card":"summary_large_image","twitter_site":"@elena_pirrone","twitter_misc":{"Est. reading time":"2 minutes"},"schema":{"@context":"https:\/\/schema.org","@graph":[{"@type":"WebPage","@id":"https:\/\/elenapirrone.it\/chi-sono\/","url":"https:\/\/elenapirrone.it\/chi-sono\/","name":"Chi Sono - Elena Pirrone","isPartOf":{"@id":"https:\/\/elenapirrone.it\/#website"},"datePublished":"2025-01-02T04:51:41+00:00","dateModified":"2025-01-04T04:17:43+00:00","breadcrumb":{"@id":"https:\/\/elenapirrone.it\/chi-sono\/#breadcrumb"},"inLanguage":"en-US","potentialAction":[{"@type":"ReadAction","target":["https:\/\/elenapirrone.it\/chi-sono\/"]}]},{"@type":"BreadcrumbList","@id":"https:\/\/elenapirrone.it\/chi-sono\/#breadcrumb","itemListElement":[{"@type":"ListItem","position":1,"name":"Home","item":"https:\/\/elenapirrone.it\/"},{"@type":"ListItem","position":2,"name":"Chi Sono"}]},{"@type":"WebSite","@id":"https:\/\/elenapirrone.it\/#website","url":"https:\/\/elenapirrone.it\/","name":"Elena Pirrone - Professional Cyclist","description":"","publisher":{"@id":"https:\/\/elenapirrone.it\/#organization"},"potentialAction":[{"@type":"SearchAction","target":{"@type":"EntryPoint","urlTemplate":"https:\/\/elenapirrone.it\/?s={search_term_string}"},"query-input":{"@type":"PropertyValueSpecification","valueRequired":true,"valueName":"search_term_string"}}],"inLanguage":"en-US"},{"@type":"Organization","@id":"https:\/\/elenapirrone.it\/#organization","name":"Elena Pirrone","url":"https:\/\/elenapirrone.it\/","logo":{"@type":"ImageObject","inLanguage":"en-US","@id":"https:\/\/elenapirrone.it\/#\/schema\/logo\/image\/","url":"https:\/\/elenapirrone.it\/wp-content\/uploads\/2025\/01\/logo-elena-pirrone-color.png","contentUrl":"https:\/\/elenapirrone.it\/wp-content\/uploads\/2025\/01\/logo-elena-pirrone-color.png","width":237,"height":60,"caption":"Elena Pirrone"},"image":{"@id":"https:\/\/elenapirrone.it\/#\/schema\/logo\/image\/"},"sameAs":["https:\/\/www.facebook.com\/elenapirroneofficial\/","https:\/\/x.com\/elena_pirrone","https:\/\/www.instagram.com\/pirrone_elena"]}]}},"_links":{"self":[{"href":"https:\/\/elenapirrone.it\/en\/wp-json\/wp\/v2\/pages\/12","targetHints":{"allow":["GET"]}}],"collection":[{"href":"https:\/\/elenapirrone.it\/en\/wp-json\/wp\/v2\/pages"}],"about":[{"href":"https:\/\/elenapirrone.it\/en\/wp-json\/wp\/v2\/types\/page"}],"author":[{"embeddable":true,"href":"https:\/\/elenapirrone.it\/en\/wp-json\/wp\/v2\/users\/1"}],"replies":[{"embeddable":true,"href":"https:\/\/elenapirrone.it\/en\/wp-json\/wp\/v2\/comments?post=12"}],"version-history":[{"count":47,"href":"https:\/\/elenapirrone.it\/en\/wp-json\/wp\/v2\/pages\/12\/revisions"}],"predecessor-version":[{"id":7907,"href":"https:\/\/elenapirrone.it\/en\/wp-json\/wp\/v2\/pages\/12\/revisions\/7907"}],"wp:attachment":[{"href":"https:\/\/elenapirrone.it\/en\/wp-json\/wp\/v2\/media?parent=12"}],"curies":[{"name":"wp","href":"https:\/\/api.w.org\/{rel}","templated":true}]}}