{"id":16,"date":"2025-01-02T04:52:05","date_gmt":"2025-01-02T04:52:05","guid":{"rendered":"https:\/\/elena.bikevaldifassa.com\/?page_id=16"},"modified":"2025-04-08T13:53:04","modified_gmt":"2025-04-08T13:53:04","slug":"area-stampa","status":"publish","type":"page","link":"https:\/\/elenapirrone.it\/en\/area-stampa\/","title":{"rendered":"Area Stampa"},"content":{"rendered":"<h1>Area Stampa<\/h1>\n<ul>\n<li>\n<p>        <img decoding=\"async\" src=\"\/wp-content\/uploads\/2025\/04\/Pirrone_DePanne_fuga_2025_header_dk-1530x836-1.jpg\" alt=\"\"><\/p>\n<h3>2025<\/h3>\n<p>Bici Pro<\/p>\n<div>\n<p>Pirrone, l\u2019avvio \u201cdiesel\u201d e un giorno da sindacalista in gruppo&#8230;<\/p>\n<\/div>\n<p><a href=\"https:\/\/bici.pro\/news\/donne\/pirrone-avvio-diese-giorno-sindacalista-gruppo\/\">Read more<\/a><\/p>\n<\/li>\n<li>\n<p>        <img decoding=\"async\" src=\"\/wp-content\/uploads\/2025\/02\/Screenshot-2025-02-11-at-19-53-15-elena-pirrone-grand-prix-stuttgart-2023-630x420.avif-AVIF-Image-630-%C3%97-420-pixels.png\" alt=\"\"><\/p>\n<h3>2024<\/h3>\n<p>ProCycling UK<\/p>\n<div>\n<p>Elena Pirrone, vittoria Grand Prix Stuttgart &amp; Region 2024 Race<\/p>\n<\/div>\n<p><a href=\"https:\/\/procyclinguk.com\/grand-prix-stuttgart-region-2024-race-preview\/\">Read more<\/a><\/p>\n<\/li>\n<li>\n<p>        <img decoding=\"async\" src=\"\/wp-content\/uploads\/2025\/01\/Pirrone_header_dk-1530x836-1.jpg\" alt=\"\"><\/p>\n<h3>2022<\/h3>\n<p>Bici.Pro<\/p>\n<div>\n<p>Elena Pirrone, voglia di rilancio con la Israel femminile<\/p>\n<\/div>\n<p><a href=\"https:\/\/bici.pro\/news\/donne\/elena-pirrone-voglia-rilancio-israel-femminile\/\">Read more<\/a><\/p>\n<\/li>\n<li>\n<p>        <img decoding=\"async\" src=\"\/wp-content\/uploads\/2025\/01\/image_manager__article-detail_bildschirmfoto_2021-10-13_um_11.45.05.png\" alt=\"\"><\/p>\n<h3>2021<\/h3>\n<p>www.ff-bz.com<\/p>\n<div>\n<p>Elena Pirrone beantwortet den ff-Fragebogen<\/p>\n<p>Elena Pirrone risponde al questionario ff<\/p>\n<\/div>\n<p><a href=\"https:\/\/www.ff-bz.com\/kultur-leben\/leben\/2021-41\/elena-pirrone-beantwortet-den-ff-fragebogen.html\">Read more<\/a><\/p>\n<\/li>\n<li>\n<p>        <img decoding=\"async\" src=\"\/wp-content\/uploads\/2025\/01\/Pirrone-Elena-4.3-x.jpg\" alt=\"\"><\/p>\n<h3>2020<\/h3>\n<p>BICITV<\/p>\n<div>Intervista a Elena Pirrone della Valcar \u2013 Travel &#038; Service: la stagione riprende sabato con una cronometro<\/div>\n<p><a href=\"https:\/\/www.bicitv.it\/2020\/07\/08\/intervista-a-elena-pirrone-della-valcar-travel-service-la-stagione-riprende-sabato-con-una-cronometro\/\">Read more<\/a><\/p>\n<\/li>\n<li>\n<p>        <img decoding=\"async\" src=\"\/wp-content\/uploads\/2025\/01\/Elena-Pirrone-crono-euro-2019-scaled.jpg\" alt=\"\"><\/p>\n<h3>2019<\/h3>\n<p>Conometro Europeo<\/p>\n<div>\n<p>L\u2019intervista. Elena Pirrone: \u201cNon avevo grandi aspettative, felice per questo bronzo agli Europei crono\u201d<\/p>\n<\/div>\n<p><a href=\"https:\/\/www.valcar-travelandservice.com\/lintervista-elena-pirrone-non-avevo-grandi-aspettative-felice-per-questo-bronzo-agli-europei-crono\/\">Read more<\/a><\/p>\n<\/li>\n<li>\n<p>        <img decoding=\"async\" src=\"\/wp-content\/uploads\/2025\/01\/elena-pirrone-ist-amtierenden-junioren-weltmeisterin.webp\" alt=\"\"><\/p>\n<h3>2018<\/h3>\n<p>SportNews.BZ<\/p>\n<div>Elena Pirrone repr\u00e9sente le Tyrol du Sud \u00e0 la Coupe du monde \u00e0 Innsbruck<\/div>\n<p><a href=\"https:\/\/fr.sportnews.bz\/artikel\/radsport\/rennrad\/elena-pirrone-vertritt-suedtirol-bei-der-wm-in-innsbruck\">Read more<\/a><\/p>\n<\/li>\n<li>\n<p>        <img decoding=\"async\" src=\"\/wp-content\/uploads\/2025\/01\/elena-pirrone-musste-nach-kraempfen-die-medaillentraeume-begraben.webp\" alt=\"\"><\/p>\n<h3>2018<\/h3>\n<p>SportNews.BZ<\/p>\n<div>Elena Pirrone Achte bei U23-EM<\/div>\n<p><a href=\"https:\/\/www.sportnews.bz\/artikel\/radsport\/rennrad\/elena-pirrone-achte-bei-u23-em\">Read more<\/a><\/p>\n<\/li>\n<li>\n<p>        <img decoding=\"async\" src=\"\/wp-content\/uploads\/2025\/01\/Cycling-Weekly.webp\" alt=\"\"><\/p>\n<h3>2017<\/h3>\n<p>Cycling Weekly<\/p>\n<div>\n<p>Elena Pirrone makes it two out of two at the UCI World Championships in Bergen, Norway, claiming both time trial and road race wins<\/p>\n<\/div>\n<p><a href=\"https:\/\/www.cyclingweekly.com\/news\/latest-news\/elena-pirrone-adds-junior-road-race-world-title-time-trial-win-video-352201\">Read more<\/a><\/p>\n<\/li>\n<li>\n<p>        <img decoding=\"async\" src=\"\/wp-content\/uploads\/2025\/01\/crono-donne-juniores-europei-herning-2017-paternoster-pirrone.jpg\" alt=\"\"><\/p>\n<h3>2017<\/h3>\n<div>\n<p>Elena Pirrone \u2013 eine Erfolgsgeschichte ohne Gleichen! Was sie in den letzten drei Jahren geleistet hat, muss erst einmal \u00fcbertroffen werden!<\/p>\n<p>Elena Pirrone \u2013 una storia di successo senza eguali! Ci\u00f2 che ha ottenuto negli ultimi tre anni deve ancora essere superato!<\/p>\n<\/div>\n<p><a href=\"https:\/\/www.sporthilfe.it\/de\/news\/erfolge\/die-geschichte-einer-rennradfahrerin\/\">Read more<\/a><\/p>\n<\/li>\n<li>\n<p>        <img decoding=\"async\" src=\"\/wp-content\/uploads\/2025\/01\/coppa-rosa.png\" alt=\"\"><\/p>\n<h3>2015<\/h3>\n<p>BICITV<\/p>\n<div>\n<p>Elena Pirrone conquista la Coppa Rosa 2015.<\/p>\n<\/div>\n<p><a href=\"https:\/\/youtu.be\/MYoHeYWNsl8\">Read more<\/a><\/p>\n<\/li>\n<\/ul>\n<p><!--more--><br \/>\n<!-- {\"type\":\"layout\",\"children\":[{\"type\":\"section\",\"props\":{\"image_position\":\"center-center\",\"style\":\"default\",\"title_breakpoint\":\"xl\",\"title_position\":\"top-left\",\"title_rotation\":\"left\",\"vertical_align\":\"middle\",\"width\":\"default\"},\"children\":[{\"type\":\"row\",\"children\":[{\"type\":\"column\",\"props\":{\"image_position\":\"center-center\",\"position_sticky_breakpoint\":\"m\"},\"children\":[{\"type\":\"headline\",\"props\":{\"content\":\"Area Stampa\",\"text_align\":\"center\",\"title_element\":\"h1\"}},{\"type\":\"grid\",\"props\":{\"content_column_breakpoint\":\"m\",\"filter_align\":\"left\",\"filter_all\":true,\"filter_grid_breakpoint\":\"m\",\"filter_grid_width\":\"auto\",\"filter_position\":\"top\",\"filter_style\":\"tab\",\"grid_default\":\"1\",\"grid_divider\":true,\"grid_medium\":\"\",\"icon_width\":80,\"image_align\":\"left\",\"image_grid_breakpoint\":\"m\",\"image_grid_width\":\"1-3\",\"image_height\":\"200\",\"image_svg_color\":\"emphasis\",\"image_width\":\"400\",\"item_animation\":true,\"lightbox_bg_close\":true,\"link_size\":\"small\",\"link_style\":\"secondary\",\"link_target\":true,\"link_text\":\"Read more\",\"margin\":\"default\",\"meta_align\":\"below-title\",\"meta_element\":\"div\",\"meta_style\":\"text-meta\",\"show_content\":true,\"show_hover_image\":true,\"show_hover_video\":true,\"show_image\":true,\"show_link\":true,\"show_meta\":true,\"show_title\":true,\"show_video\":true,\"title_align\":\"top\",\"title_element\":\"h3\",\"title_grid_breakpoint\":\"m\",\"title_grid_width\":\"1-2\",\"title_hover_style\":\"reset\"},\"children\":[{\"type\":\"grid_item\",\"props\":{\"content\":\"\n\n<p>Pirrone, l\\u2019avvio \\u201cdiesel\\u201d e un giorno da sindacalista in gruppo...<\\\/p>\",\"image\":\"wp-content\\\/uploads\\\/2025\\\/04\\\/Pirrone_DePanne_fuga_2025_header_dk-1530x836-1.jpg\",\"link\":\"https:\\\/\\\/bici.pro\\\/news\\\/donne\\\/pirrone-avvio-diese-giorno-sindacalista-gruppo\\\/\",\"meta\":\"Bici Pro\",\"title\":\"2025\"}},{\"type\":\"grid_item\",\"props\":{\"content\":\"\n\n<p>Elena Pirrone, vittoria Grand Prix Stuttgart &amp; Region 2024 Race<\\\/p>\",\"image\":\"wp-content\\\/uploads\\\/2025\\\/02\\\/Screenshot-2025-02-11-at-19-53-15-elena-pirrone-grand-prix-stuttgart-2023-630x420.avif-AVIF-Image-630-\\u00d7-420-pixels.png\",\"link\":\"https:\\\/\\\/procyclinguk.com\\\/grand-prix-stuttgart-region-2024-race-preview\\\/\",\"meta\":\"ProCycling UK\",\"title\":\"2024\"}},{\"type\":\"grid_item\",\"props\":{\"content\":\"\n\n<p>Elena Pirrone, voglia di rilancio con la Israel femminile<\\\/p>\",\"image\":\"wp-content\\\/uploads\\\/2025\\\/01\\\/Pirrone_header_dk-1530x836-1.jpg\",\"link\":\"https:\\\/\\\/bici.pro\\\/news\\\/donne\\\/elena-pirrone-voglia-rilancio-israel-femminile\\\/\",\"meta\":\"Bici.Pro\",\"title\":\"2022\"}},{\"type\":\"grid_item\",\"props\":{\"content\":\"\n\n<p>Elena Pirrone beantwortet den ff-Fragebogen<\\\/p>\\n\n\n<p>Elena Pirrone risponde al questionario ff<\\\/p>\",\"image\":\"wp-content\\\/uploads\\\/2025\\\/01\\\/image_manager__article-detail_bildschirmfoto_2021-10-13_um_11.45.05.png\",\"link\":\"https:\\\/\\\/www.ff-bz.com\\\/kultur-leben\\\/leben\\\/2021-41\\\/elena-pirrone-beantwortet-den-ff-fragebogen.html\",\"meta\":\"www.ff-bz.com\",\"title\":\"2021\"}},{\"type\":\"grid_item\",\"props\":{\"content\":\"Intervista a Elena Pirrone della Valcar \\u2013 Travel & Service: la stagione riprende sabato con una cronometro\",\"image\":\"wp-content\\\/uploads\\\/2025\\\/01\\\/Pirrone-Elena-4.3-x.jpg\",\"link\":\"https:\\\/\\\/www.bicitv.it\\\/2020\\\/07\\\/08\\\/intervista-a-elena-pirrone-della-valcar-travel-service-la-stagione-riprende-sabato-con-una-cronometro\\\/\",\"meta\":\"BICITV\",\"title\":\"2020\"}},{\"type\":\"grid_item\",\"props\":{\"content\":\"\n\n<p>L\\u2019intervista. Elena Pirrone: \\u201cNon avevo grandi aspettative, felice per questo bronzo agli Europei crono\\u201d<\\\/p>\",\"image\":\"wp-content\\\/uploads\\\/2025\\\/01\\\/Elena-Pirrone-crono-euro-2019-scaled.jpg\",\"link\":\"https:\\\/\\\/www.valcar-travelandservice.com\\\/lintervista-elena-pirrone-non-avevo-grandi-aspettative-felice-per-questo-bronzo-agli-europei-crono\\\/\",\"meta\":\"Conometro Europeo\",\"title\":\"2019\"}},{\"type\":\"grid_item\",\"props\":{\"content\":\"Elena Pirrone repr\\u00e9sente le Tyrol du Sud \\u00e0 la Coupe du monde \\u00e0 Innsbruck\",\"image\":\"wp-content\\\/uploads\\\/2025\\\/01\\\/elena-pirrone-ist-amtierenden-junioren-weltmeisterin.webp\",\"link\":\"https:\\\/\\\/fr.sportnews.bz\\\/artikel\\\/radsport\\\/rennrad\\\/elena-pirrone-vertritt-suedtirol-bei-der-wm-in-innsbruck\",\"meta\":\"SportNews.BZ\",\"title\":\"2018\"}},{\"type\":\"grid_item\",\"props\":{\"content\":\"Elena Pirrone Achte bei U23-EM\",\"image\":\"wp-content\\\/uploads\\\/2025\\\/01\\\/elena-pirrone-musste-nach-kraempfen-die-medaillentraeume-begraben.webp\",\"link\":\"https:\\\/\\\/www.sportnews.bz\\\/artikel\\\/radsport\\\/rennrad\\\/elena-pirrone-achte-bei-u23-em\",\"meta\":\"SportNews.BZ\",\"title\":\"2018\"}},{\"type\":\"grid_item\",\"props\":{\"content\":\"\n\n<p>Elena Pirrone makes it two out of two at the UCI World Championships in Bergen, Norway, claiming both time trial and road race wins<\\\/p>\",\"image\":\"wp-content\\\/uploads\\\/2025\\\/01\\\/Cycling-Weekly.webp\",\"link\":\"https:\\\/\\\/www.cyclingweekly.com\\\/news\\\/latest-news\\\/elena-pirrone-adds-junior-road-race-world-title-time-trial-win-video-352201\",\"meta\":\"Cycling Weekly\",\"title\":\"2017\"}},{\"type\":\"grid_item\",\"props\":{\"content\":\"\n\n<p>Elena Pirrone \\u2013 eine Erfolgsgeschichte ohne Gleichen! Was sie in den letzten drei Jahren geleistet hat, muss erst einmal \\u00fcbertroffen werden!<\\\/p>\\n\n\n<p>Elena Pirrone \\u2013 una storia di successo senza eguali! Ci\\u00f2 che ha ottenuto negli ultimi tre anni deve ancora essere superato!<\\\/p>\",\"image\":\"wp-content\\\/uploads\\\/2025\\\/01\\\/crono-donne-juniores-europei-herning-2017-paternoster-pirrone.jpg\",\"link\":\"https:\\\/\\\/www.sporthilfe.it\\\/de\\\/news\\\/erfolge\\\/die-geschichte-einer-rennradfahrerin\\\/\",\"title\":\"2017\"}},{\"type\":\"grid_item\",\"props\":{\"content\":\"\n\n<p>Elena Pirrone conquista la Coppa Rosa 2015.<\\\/p>\",\"image\":\"wp-content\\\/uploads\\\/2025\\\/01\\\/coppa-rosa.png\",\"link\":\"https:\\\/\\\/youtu.be\\\/MYoHeYWNsl8\",\"meta\":\"BICITV\",\"title\":\"2015\"}}]}]}]}]}],\"version\":\"4.5.13\"} --><\/p>","protected":false},"excerpt":{"rendered":"<p>Area Stampa 2025 Bici Pro Pirrone, l\u2019avvio \u201cdiesel\u201d e un giorno da sindacalista in gruppo&#8230; Read more 2024 ProCycling UK Elena Pirrone, vittoria Grand Prix Stuttgart &amp; Region 2024 Race Read more 2022 Bici.Pro Elena Pirrone, voglia di rilancio con la Israel femminile Read more 2021 www.ff-bz.com Elena Pirrone beantwortet den ff-Fragebogen Elena Pirrone risponde [&hellip;]<\/p>","protected":false},"author":1,"featured_media":0,"parent":0,"menu_order":0,"comment_status":"closed","ping_status":"closed","template":"","meta":{"footnotes":""},"class_list":["post-16","page","type-page","status-publish","hentry"],"yoast_head":"<!-- This site is optimized with the Yoast SEO plugin v26.7 - https:\/\/yoast.com\/wordpress\/plugins\/seo\/ -->\n<title>Area Stampa - Elena Pirrone<\/title>\n<meta name=\"robots\" content=\"index, follow, max-snippet:-1, max-image-preview:large, max-video-preview:-1\" \/>\n<link rel=\"canonical\" href=\"https:\/\/elenapirrone.it\/en\/area-stampa\/\" \/>\n<meta property=\"og:locale\" content=\"en_US\" \/>\n<meta property=\"og:type\" content=\"article\" \/>\n<meta property=\"og:title\" content=\"Area Stampa - Elena Pirrone\" \/>\n<meta property=\"og:description\" content=\"Area Stampa 2025 Bici Pro Pirrone, l\u2019avvio \u201cdiesel\u201d e un giorno da sindacalista in gruppo&#8230; Read more 2024 ProCycling UK Elena Pirrone, vittoria Grand Prix Stuttgart &amp; Region 2024 Race Read more 2022 Bici.Pro Elena Pirrone, voglia di rilancio con la Israel femminile Read more 2021 www.ff-bz.com Elena Pirrone beantwortet den ff-Fragebogen Elena Pirrone risponde [&hellip;]\" \/>\n<meta property=\"og:url\" content=\"https:\/\/elenapirrone.it\/en\/area-stampa\/\" \/>\n<meta property=\"og:site_name\" content=\"Elena Pirrone\" \/>\n<meta property=\"article:publisher\" content=\"https:\/\/www.facebook.com\/elenapirroneofficial\/\" \/>\n<meta property=\"article:modified_time\" content=\"2025-04-08T13:53:04+00:00\" \/>\n<meta name=\"twitter:card\" content=\"summary_large_image\" \/>\n<meta name=\"twitter:site\" content=\"@elena_pirrone\" \/>\n<meta name=\"twitter:label1\" content=\"Est. reading time\" \/>\n\t<meta name=\"twitter:data1\" content=\"1 minute\" \/>\n<script type=\"application\/ld+json\" class=\"yoast-schema-graph\">{\"@context\":\"https:\/\/schema.org\",\"@graph\":[{\"@type\":\"WebPage\",\"@id\":\"https:\/\/elenapirrone.it\/area-stampa\/\",\"url\":\"https:\/\/elenapirrone.it\/area-stampa\/\",\"name\":\"Area Stampa - Elena Pirrone\",\"isPartOf\":{\"@id\":\"https:\/\/elenapirrone.it\/#website\"},\"datePublished\":\"2025-01-02T04:52:05+00:00\",\"dateModified\":\"2025-04-08T13:53:04+00:00\",\"breadcrumb\":{\"@id\":\"https:\/\/elenapirrone.it\/area-stampa\/#breadcrumb\"},\"inLanguage\":\"en-US\",\"potentialAction\":[{\"@type\":\"ReadAction\",\"target\":[\"https:\/\/elenapirrone.it\/area-stampa\/\"]}]},{\"@type\":\"BreadcrumbList\",\"@id\":\"https:\/\/elenapirrone.it\/area-stampa\/#breadcrumb\",\"itemListElement\":[{\"@type\":\"ListItem\",\"position\":1,\"name\":\"Home\",\"item\":\"https:\/\/elenapirrone.it\/\"},{\"@type\":\"ListItem\",\"position\":2,\"name\":\"Area Stampa\"}]},{\"@type\":\"WebSite\",\"@id\":\"https:\/\/elenapirrone.it\/#website\",\"url\":\"https:\/\/elenapirrone.it\/\",\"name\":\"Elena Pirrone - Professional Cyclist\",\"description\":\"\",\"publisher\":{\"@id\":\"https:\/\/elenapirrone.it\/#organization\"},\"potentialAction\":[{\"@type\":\"SearchAction\",\"target\":{\"@type\":\"EntryPoint\",\"urlTemplate\":\"https:\/\/elenapirrone.it\/?s={search_term_string}\"},\"query-input\":{\"@type\":\"PropertyValueSpecification\",\"valueRequired\":true,\"valueName\":\"search_term_string\"}}],\"inLanguage\":\"en-US\"},{\"@type\":\"Organization\",\"@id\":\"https:\/\/elenapirrone.it\/#organization\",\"name\":\"Elena Pirrone\",\"url\":\"https:\/\/elenapirrone.it\/\",\"logo\":{\"@type\":\"ImageObject\",\"inLanguage\":\"en-US\",\"@id\":\"https:\/\/elenapirrone.it\/#\/schema\/logo\/image\/\",\"url\":\"https:\/\/elenapirrone.it\/wp-content\/uploads\/2025\/01\/logo-elena-pirrone-color.png\",\"contentUrl\":\"https:\/\/elenapirrone.it\/wp-content\/uploads\/2025\/01\/logo-elena-pirrone-color.png\",\"width\":237,\"height\":60,\"caption\":\"Elena Pirrone\"},\"image\":{\"@id\":\"https:\/\/elenapirrone.it\/#\/schema\/logo\/image\/\"},\"sameAs\":[\"https:\/\/www.facebook.com\/elenapirroneofficial\/\",\"https:\/\/x.com\/elena_pirrone\",\"https:\/\/www.instagram.com\/pirrone_elena\"]}]}<\/script>\n<!-- \/ Yoast SEO plugin. -->","yoast_head_json":{"title":"Area Stampa - Elena Pirrone","robots":{"index":"index","follow":"follow","max-snippet":"max-snippet:-1","max-image-preview":"max-image-preview:large","max-video-preview":"max-video-preview:-1"},"canonical":"https:\/\/elenapirrone.it\/en\/area-stampa\/","og_locale":"en_US","og_type":"article","og_title":"Area Stampa - Elena Pirrone","og_description":"Area Stampa 2025 Bici Pro Pirrone, l\u2019avvio \u201cdiesel\u201d e un giorno da sindacalista in gruppo&#8230; Read more 2024 ProCycling UK Elena Pirrone, vittoria Grand Prix Stuttgart &amp; Region 2024 Race Read more 2022 Bici.Pro Elena Pirrone, voglia di rilancio con la Israel femminile Read more 2021 www.ff-bz.com Elena Pirrone beantwortet den ff-Fragebogen Elena Pirrone risponde [&hellip;]","og_url":"https:\/\/elenapirrone.it\/en\/area-stampa\/","og_site_name":"Elena Pirrone","article_publisher":"https:\/\/www.facebook.com\/elenapirroneofficial\/","article_modified_time":"2025-04-08T13:53:04+00:00","twitter_card":"summary_large_image","twitter_site":"@elena_pirrone","twitter_misc":{"Est. reading time":"1 minute"},"schema":{"@context":"https:\/\/schema.org","@graph":[{"@type":"WebPage","@id":"https:\/\/elenapirrone.it\/area-stampa\/","url":"https:\/\/elenapirrone.it\/area-stampa\/","name":"Area Stampa - Elena Pirrone","isPartOf":{"@id":"https:\/\/elenapirrone.it\/#website"},"datePublished":"2025-01-02T04:52:05+00:00","dateModified":"2025-04-08T13:53:04+00:00","breadcrumb":{"@id":"https:\/\/elenapirrone.it\/area-stampa\/#breadcrumb"},"inLanguage":"en-US","potentialAction":[{"@type":"ReadAction","target":["https:\/\/elenapirrone.it\/area-stampa\/"]}]},{"@type":"BreadcrumbList","@id":"https:\/\/elenapirrone.it\/area-stampa\/#breadcrumb","itemListElement":[{"@type":"ListItem","position":1,"name":"Home","item":"https:\/\/elenapirrone.it\/"},{"@type":"ListItem","position":2,"name":"Area Stampa"}]},{"@type":"WebSite","@id":"https:\/\/elenapirrone.it\/#website","url":"https:\/\/elenapirrone.it\/","name":"Elena Pirrone - Professional Cyclist","description":"","publisher":{"@id":"https:\/\/elenapirrone.it\/#organization"},"potentialAction":[{"@type":"SearchAction","target":{"@type":"EntryPoint","urlTemplate":"https:\/\/elenapirrone.it\/?s={search_term_string}"},"query-input":{"@type":"PropertyValueSpecification","valueRequired":true,"valueName":"search_term_string"}}],"inLanguage":"en-US"},{"@type":"Organization","@id":"https:\/\/elenapirrone.it\/#organization","name":"Elena Pirrone","url":"https:\/\/elenapirrone.it\/","logo":{"@type":"ImageObject","inLanguage":"en-US","@id":"https:\/\/elenapirrone.it\/#\/schema\/logo\/image\/","url":"https:\/\/elenapirrone.it\/wp-content\/uploads\/2025\/01\/logo-elena-pirrone-color.png","contentUrl":"https:\/\/elenapirrone.it\/wp-content\/uploads\/2025\/01\/logo-elena-pirrone-color.png","width":237,"height":60,"caption":"Elena Pirrone"},"image":{"@id":"https:\/\/elenapirrone.it\/#\/schema\/logo\/image\/"},"sameAs":["https:\/\/www.facebook.com\/elenapirroneofficial\/","https:\/\/x.com\/elena_pirrone","https:\/\/www.instagram.com\/pirrone_elena"]}]}},"_links":{"self":[{"href":"https:\/\/elenapirrone.it\/en\/wp-json\/wp\/v2\/pages\/16","targetHints":{"allow":["GET"]}}],"collection":[{"href":"https:\/\/elenapirrone.it\/en\/wp-json\/wp\/v2\/pages"}],"about":[{"href":"https:\/\/elenapirrone.it\/en\/wp-json\/wp\/v2\/types\/page"}],"author":[{"embeddable":true,"href":"https:\/\/elenapirrone.it\/en\/wp-json\/wp\/v2\/users\/1"}],"replies":[{"embeddable":true,"href":"https:\/\/elenapirrone.it\/en\/wp-json\/wp\/v2\/comments?post=16"}],"version-history":[{"count":33,"href":"https:\/\/elenapirrone.it\/en\/wp-json\/wp\/v2\/pages\/16\/revisions"}],"predecessor-version":[{"id":8207,"href":"https:\/\/elenapirrone.it\/en\/wp-json\/wp\/v2\/pages\/16\/revisions\/8207"}],"wp:attachment":[{"href":"https:\/\/elenapirrone.it\/en\/wp-json\/wp\/v2\/media?parent=16"}],"curies":[{"name":"wp","href":"https:\/\/api.w.org\/{rel}","templated":true}]}}